{"id":212,"date":"2023-12-08T10:12:21","date_gmt":"2023-12-08T09:12:21","guid":{"rendered":"https:\/\/seve-du-jardin.fr\/?page_id=212"},"modified":"2023-12-08T10:12:21","modified_gmt":"2023-12-08T09:12:21","slug":"mentions-legales","status":"publish","type":"page","link":"https:\/\/seve-du-jardin.fr\/?page_id=212","title":{"rendered":"Mentions l\u00e9gales"},"content":{"rendered":"<p>[et_pb_section fb_built=&#8221;1&#8243; _builder_version=&#8221;4.23.1&#8243; _module_preset=&#8221;default&#8221; global_colors_info=&#8221;{}&#8221; theme_builder_area=&#8221;post_content&#8221;][et_pb_row _builder_version=&#8221;4.23.1&#8243; _module_preset=&#8221;default&#8221; global_colors_info=&#8221;{}&#8221; theme_builder_area=&#8221;post_content&#8221;][et_pb_column type=&#8221;4_4&#8243; _builder_version=&#8221;4.23.1&#8243; _module_preset=&#8221;default&#8221; global_colors_info=&#8221;{}&#8221; theme_builder_area=&#8221;post_content&#8221;][et_pb_text _builder_version=&#8221;4.23.1&#8243; _module_preset=&#8221;default&#8221; header_font=&#8221;Cardo||||||||&#8221; hover_enabled=&#8221;0&#8243; global_colors_info=&#8221;{}&#8221; theme_builder_area=&#8221;post_content&#8221; sticky_enabled=&#8221;0&#8243;]<\/p>\n<h1>Mentions l\u00e9gales<\/h1>\n<p>[\/et_pb_text][\/et_pb_column][\/et_pb_row][et_pb_row _builder_version=&#8221;4.23.1&#8243; _module_preset=&#8221;default&#8221; global_colors_info=&#8221;{}&#8221; theme_builder_area=&#8221;post_content&#8221;][et_pb_column type=&#8221;4_4&#8243; _builder_version=&#8221;4.23.1&#8243; _module_preset=&#8221;default&#8221; global_colors_info=&#8221;{}&#8221; theme_builder_area=&#8221;post_content&#8221;][et_pb_text _builder_version=&#8221;4.23.1&#8243; _module_preset=&#8221;default&#8221; text_font=&#8221;Nunito||||||||&#8221; hover_enabled=&#8221;0&#8243; global_colors_info=&#8221;{}&#8221; theme_builder_area=&#8221;post_content&#8221; sticky_enabled=&#8221;0&#8243;]<\/p>\n<p><strong>Editeur du site<\/strong><br \/><span>Le site web\u00a0www.seve-du-jardin.fr\u00a0est la propri\u00e9t\u00e9 de la\u00a0SCEA Les Jardins du CEP<\/span><\/p>\n<ul>\n<li>Adresse du si\u00e8ge social :\u00a01050, route des Vouacres &#8211;\u00a014290\u00a0VALORBIQUET<\/li>\n<li>Num\u00e9ro de t\u00e9l\u00e9phone : 07 67 71 69 10<\/li>\n<li>Adresse de courrier \u00e9lectronique : contact@seve-du-jardin.fr<\/li>\n<li>Forme juridique : SCEA<\/li>\n<li>Montant du capital social : 561 000 \u20ac<\/li>\n<\/ul>\n<p><strong>Cr\u00e9ateur et h\u00e9bergement du site<\/strong><br \/><span>La soci\u00e9t\u00e9 CLEOP, SARL au capital de 40000 euros immatricul\u00e9e au RCS de Nantes sous le n\u00b0 de Siret : 75223710700020.<\/span><\/p>\n<ul>\n<li>Si\u00e8ge social : 4 avenue Marcel Cerdan &#8211; 44000 Nantes<\/li>\n<li>Num\u00e9ro de t\u00e9l\u00e9phone : 02 85 52 30 01<\/li>\n<li>Courrier \u00e9lectronique :\u00a0contact@socleo.com<\/li>\n<\/ul>\n<p><strong>Modifications<\/strong><br \/><span>En acc\u00e9dant et en naviguant sur ce site, l&#8217;utilisateur est inform\u00e9 de ses droits et obligations et accepte pleinement de se conformer aux pr\u00e9sentes conditions d&#8217;utilisations du site. L&#8217;\u00e9diteur du site se r\u00e9serve la possibilit\u00e9 de modifier ces conditions. Il appartient \u00e0 l&#8217;utilisateur de v\u00e9rifier p\u00e9riodiquement le contenu des documents concern\u00e9s. L&#8217;\u00e9diteur se r\u00e9serve la possibilit\u00e9 de supprimer ou de modifier en tout ou partie le site.<\/span><\/p>\n<p><strong>Responsabilit\u00e9s de l&#8217;\u00e9diteur du site<\/strong><br \/><span>L&#8217;\u00e9diteur du site<\/span><span>\u00a0<\/span><span>met tout en \u0153uvre pour assurer l&#8217;exactitude et la mise \u00e0 jour de l&#8217;ensemble des informations fournies sur son site.<\/span><br \/><span>Il ne peut garantir que les informations contenues sur le site soient compl\u00e8tes, pr\u00e9cises, exactes, exhaustives et d\u00e9pourvues de toute erreur.<\/span><br \/><span>La SCEA Les Jardins du CEP s&#8217;engage, d\u00e8s qu&#8217;un utilisateur quelconque transmet toute erreur constat\u00e9e aux coordonn\u00e9es ci-dessus, \u00e0 proc\u00e9der \u00e0 la correction dans les plus brefs d\u00e9lais.<\/span><\/p>\n<p><strong>Accessibilit\u00e9<\/strong><br \/><span>Le site est par principe accessible aux utilisateurs 24\/24h et 7\/7j, sauf interruption, programm\u00e9e ou non, pour des besoins de maintenance ou en cas de force majeure.<\/span><br \/><span>En cas d&#8217;indisponibilit\u00e9 d&#8217;acc\u00e8s au site, celui-ci s&#8217;engage \u00e0 faire son maximum afin de r\u00e9tablir l&#8217;acc\u00e8s.<\/span><br \/><span>Le site ne saurait \u00eatre tenu pour responsable de tout dommage, quelle qu&#8217;en soit la nature, r\u00e9sultant de son indisponibilit\u00e9.<\/span><\/p>\n<p>[\/et_pb_text][\/et_pb_column][\/et_pb_row][\/et_pb_section]<\/p>\n","protected":false},"excerpt":{"rendered":"<p>Mentions l\u00e9galesEditeur du siteLe site web\u00a0www.seve-du-jardin.fr\u00a0est la propri\u00e9t\u00e9 de la\u00a0SCEA Les Jardins du CEP Adresse du si\u00e8ge social :\u00a01050, route des Vouacres &#8211;\u00a014290\u00a0VALORBIQUET Num\u00e9ro de t\u00e9l\u00e9phone : 07 67 71 69 10 Adresse de courrier \u00e9lectronique : contact@seve-du-jardin.fr Forme juridique : SCEA Montant du capital social : 561 000 \u20ac Cr\u00e9ateur et h\u00e9bergement du siteLa [&hellip;]<\/p>\n","protected":false},"author":1,"featured_media":0,"parent":0,"menu_order":0,"comment_status":"closed","ping_status":"closed","template":"","meta":{"_et_pb_use_builder":"on","_et_pb_old_content":"","_et_gb_content_width":"","footnotes":""},"_links":{"self":[{"href":"https:\/\/seve-du-jardin.fr\/index.php?rest_route=\/wp\/v2\/pages\/212"}],"collection":[{"href":"https:\/\/seve-du-jardin.fr\/index.php?rest_route=\/wp\/v2\/pages"}],"about":[{"href":"https:\/\/seve-du-jardin.fr\/index.php?rest_route=\/wp\/v2\/types\/page"}],"author":[{"embeddable":true,"href":"https:\/\/seve-du-jardin.fr\/index.php?rest_route=\/wp\/v2\/users\/1"}],"replies":[{"embeddable":true,"href":"https:\/\/seve-du-jardin.fr\/index.php?rest_route=%2Fwp%2Fv2%2Fcomments&post=212"}],"version-history":[{"count":2,"href":"https:\/\/seve-du-jardin.fr\/index.php?rest_route=\/wp\/v2\/pages\/212\/revisions"}],"predecessor-version":[{"id":214,"href":"https:\/\/seve-du-jardin.fr\/index.php?rest_route=\/wp\/v2\/pages\/212\/revisions\/214"}],"wp:attachment":[{"href":"https:\/\/seve-du-jardin.fr\/index.php?rest_route=%2Fwp%2Fv2%2Fmedia&parent=212"}],"curies":[{"name":"wp","href":"https:\/\/api.w.org\/{rel}","templated":true}]}}