{"id":389,"date":"2024-01-25T16:36:50","date_gmt":"2024-01-25T15:36:50","guid":{"rendered":"https:\/\/seve-du-jardin.fr\/?page_id=389"},"modified":"2024-01-26T19:27:16","modified_gmt":"2024-01-26T18:27:16","slug":"blog","status":"publish","type":"page","link":"https:\/\/seve-du-jardin.fr\/?page_id=389","title":{"rendered":"Blog"},"content":{"rendered":"<p>[et_pb_section fb_built=&#8221;1&#8243; _builder_version=&#8221;4.23.1&#8243; _module_preset=&#8221;default&#8221; global_colors_info=&#8221;{}&#8221;][et_pb_row _builder_version=&#8221;4.23.1&#8243; _module_preset=&#8221;default&#8221; custom_padding=&#8221;||27px|||&#8221; global_colors_info=&#8221;{}&#8221;][et_pb_column type=&#8221;4_4&#8243; _builder_version=&#8221;4.23.1&#8243; _module_preset=&#8221;default&#8221; global_colors_info=&#8221;{}&#8221;][et_pb_text _builder_version=&#8221;4.23.1&#8243; _module_preset=&#8221;default&#8221; header_font=&#8221;Cardo||||||||&#8221; custom_margin=&#8221;||10px||false|false&#8221; global_colors_info=&#8221;{}&#8221;]<\/p>\n<h1 style=\"text-align: center;\">BLOG<\/h1>\n<p>[\/et_pb_text][et_pb_text _builder_version=&#8221;4.23.1&#8243; _module_preset=&#8221;default&#8221; text_font=&#8221;Nunito||||||||&#8221; global_colors_info=&#8221;{}&#8221;]<\/p>\n<p style=\"text-align: center;\">Retrouver toutes les nouveaut\u00e9s, astuces et articles de S\u00e8ve Du Jardin<\/p>\n<p>[\/et_pb_text][\/et_pb_column][\/et_pb_row][et_pb_row column_structure=&#8221;1_3,1_3,1_3&#8243; _builder_version=&#8221;4.23.1&#8243; _module_preset=&#8221;default&#8221; width=&#8221;90%&#8221; max_width=&#8221;none&#8221; global_colors_info=&#8221;{}&#8221;][et_pb_column type=&#8221;1_3&#8243; _builder_version=&#8221;4.23.1&#8243; _module_preset=&#8221;default&#8221; global_colors_info=&#8221;{}&#8221;][et_pb_text _builder_version=&#8221;4.23.1&#8243; _module_preset=&#8221;default&#8221; header_3_font=&#8221;Cardo||||||||&#8221; global_colors_info=&#8221;{}&#8221;]<\/p>\n<h3 style=\"text-align: center;\">\u00c0 la ferme<\/h3>\n<p>[\/et_pb_text][et_pb_blog posts_number=&#8221;3&#8243; include_categories=&#8221;13&#8243; _builder_version=&#8221;4.23.1&#8243; _module_preset=&#8221;default&#8221; custom_padding=&#8221;1vw|1vw|1vw|1vw|true|true&#8221; box_shadow_style=&#8221;preset1&#8243; global_colors_info=&#8221;{}&#8221; show_more=&#8221;on&#8221; show_author=&#8221;off&#8221; header_font=&#8221;Libre Baskerville||||||||&#8221; header_text_color=&#8221;#ff8800&#8243; meta_font=&#8221;||on||||||&#8221; body_text_color=&#8221;#000000&#8243; read_more_text_color=&#8221;#ff2361&#8243; read_more_font=&#8221;|600|on||||||&#8221; box_shadow_horizontal=&#8221;-9px&#8221; box_shadow_spread=&#8221;7px&#8221; box_shadow_blur=&#8221;53px&#8221; box_shadow_color=&#8221;rgba(0,0,0,0.17)&#8221;][\/et_pb_blog][\/et_pb_column][et_pb_column type=&#8221;1_3&#8243; _builder_version=&#8221;4.23.1&#8243; _module_preset=&#8221;default&#8221; global_colors_info=&#8221;{}&#8221;][et_pb_text _builder_version=&#8221;4.23.1&#8243; _module_preset=&#8221;default&#8221; header_3_font=&#8221;Cardo||||||||&#8221; global_colors_info=&#8221;{}&#8221;]<\/p>\n<h3 style=\"text-align: center;\">Chez Bernard &amp; marcel<\/h3>\n<p>[\/et_pb_text][et_pb_blog posts_number=&#8221;3&#8243; include_categories=&#8221;6&#8243; _builder_version=&#8221;4.23.1&#8243; _module_preset=&#8221;default&#8221; custom_padding=&#8221;1vw|1vw|1vw|1vw|true|true&#8221; hover_enabled=&#8221;0&#8243; box_shadow_style=&#8221;preset1&#8243; global_colors_info=&#8221;{}&#8221; show_more=&#8221;on&#8221; show_author=&#8221;off&#8221; header_font=&#8221;Libre Baskerville||||||||&#8221; header_text_color=&#8221;#ff8800&#8243; meta_font=&#8221;||on||||||&#8221; body_text_color=&#8221;#000000&#8243; read_more_text_color=&#8221;#ff2361&#8243; read_more_font=&#8221;|600|on||||||&#8221; sticky_enabled=&#8221;0&#8243; box_shadow_horizontal=&#8221;-9px&#8221; box_shadow_spread=&#8221;7px&#8221; box_shadow_blur=&#8221;53px&#8221; box_shadow_color=&#8221;rgba(0,0,0,0.17)&#8221;][\/et_pb_blog][\/et_pb_column][et_pb_column type=&#8221;1_3&#8243; _builder_version=&#8221;4.23.1&#8243; _module_preset=&#8221;default&#8221; global_colors_info=&#8221;{}&#8221;][et_pb_text _builder_version=&#8221;4.23.1&#8243; _module_preset=&#8221;default&#8221; header_3_font=&#8221;Cardo||||||||&#8221; global_colors_info=&#8221;{}&#8221;]<\/p>\n<h3 style=\"text-align: center;\">Nos jus<\/h3>\n<p>[\/et_pb_text][et_pb_blog posts_number=&#8221;3&#8243; include_categories=&#8221;12&#8243; _builder_version=&#8221;4.23.1&#8243; _module_preset=&#8221;default&#8221; custom_padding=&#8221;1vw|1vw|1vw|1vw|true|true&#8221; box_shadow_style=&#8221;preset1&#8243; global_colors_info=&#8221;{}&#8221; show_more=&#8221;on&#8221; show_author=&#8221;off&#8221; header_font=&#8221;Libre Baskerville||||||||&#8221; header_text_color=&#8221;#ff8800&#8243; meta_font=&#8221;||on||||||&#8221; body_text_color=&#8221;#000000&#8243; read_more_text_color=&#8221;#ff2361&#8243; read_more_font=&#8221;|600|on||||||&#8221; box_shadow_horizontal=&#8221;-9px&#8221; box_shadow_spread=&#8221;7px&#8221; box_shadow_blur=&#8221;53px&#8221; box_shadow_color=&#8221;rgba(0,0,0,0.17)&#8221;][\/et_pb_blog][\/et_pb_column][\/et_pb_row][\/et_pb_section]<\/p>\n","protected":false},"excerpt":{"rendered":"<p>BLOGRetrouver toutes les nouveaut\u00e9s, astuces et articles de S\u00e8ve Du Jardin\u00c0 la fermeChez Bernard &amp; marcelNos jus<\/p>\n","protected":false},"author":1,"featured_media":0,"parent":0,"menu_order":0,"comment_status":"closed","ping_status":"closed","template":"","meta":{"_et_pb_use_builder":"on","_et_pb_old_content":"","_et_gb_content_width":"","footnotes":""},"_links":{"self":[{"href":"https:\/\/seve-du-jardin.fr\/index.php?rest_route=\/wp\/v2\/pages\/389"}],"collection":[{"href":"https:\/\/seve-du-jardin.fr\/index.php?rest_route=\/wp\/v2\/pages"}],"about":[{"href":"https:\/\/seve-du-jardin.fr\/index.php?rest_route=\/wp\/v2\/types\/page"}],"author":[{"embeddable":true,"href":"https:\/\/seve-du-jardin.fr\/index.php?rest_route=\/wp\/v2\/users\/1"}],"replies":[{"embeddable":true,"href":"https:\/\/seve-du-jardin.fr\/index.php?rest_route=%2Fwp%2Fv2%2Fcomments&post=389"}],"version-history":[{"count":4,"href":"https:\/\/seve-du-jardin.fr\/index.php?rest_route=\/wp\/v2\/pages\/389\/revisions"}],"predecessor-version":[{"id":405,"href":"https:\/\/seve-du-jardin.fr\/index.php?rest_route=\/wp\/v2\/pages\/389\/revisions\/405"}],"wp:attachment":[{"href":"https:\/\/seve-du-jardin.fr\/index.php?rest_route=%2Fwp%2Fv2%2Fmedia&parent=389"}],"curies":[{"name":"wp","href":"https:\/\/api.w.org\/{rel}","templated":true}]}}