{"id":72,"date":"2023-11-27T14:44:27","date_gmt":"2023-11-27T13:44:27","guid":{"rendered":"https:\/\/seve-du-jardin.fr\/?page_id=72"},"modified":"2024-09-07T12:06:35","modified_gmt":"2024-09-07T10:06:35","slug":"les-jardins-du-cep","status":"publish","type":"page","link":"https:\/\/seve-du-jardin.fr\/?page_id=72","title":{"rendered":"Les jardins du CEP"},"content":{"rendered":"<p>[et_pb_section fb_built=&#8221;1&#8243; _builder_version=&#8221;4.23.1&#8243; _module_preset=&#8221;default&#8221; background_image=&#8221;https:\/\/seve-du-jardin.fr\/wp-content\/uploads\/2023\/11\/IMG_4630-scaled.jpg&#8221; custom_padding=&#8221;0px||0px||true|false&#8221; global_colors_info=&#8221;{}&#8221;][et_pb_row custom_padding_last_edited=&#8221;on|phone&#8221; _builder_version=&#8221;4.23.1&#8243; _module_preset=&#8221;default&#8221; width=&#8221;100%&#8221; max_width=&#8221;none&#8221; custom_padding=&#8221;0vw|50vw|0vw||true|false&#8221; custom_padding_tablet=&#8221;0vw|50vw|0vw||true|false&#8221; custom_padding_phone=&#8221;|0vw|||true|false&#8221; global_colors_info=&#8221;{}&#8221;][et_pb_column type=&#8221;4_4&#8243; _builder_version=&#8221;4.23.1&#8243; _module_preset=&#8221;default&#8221; background_color=&#8221;rgba(66,66,66,0.51)&#8221; use_background_color_gradient=&#8221;on&#8221; background_color_gradient_stops=&#8221;rgba(0,0,0,0.57) 0%|rgba(0,0,0,0) 98%&#8221; custom_css_free_form=&#8221;.Selector{||backdrop-filter: blur(3px);||}&#8221; global_colors_info=&#8221;{}&#8221;][et_pb_text _builder_version=&#8221;4.23.1&#8243; _module_preset=&#8221;default&#8221; header_font=&#8221;Cardo||||||||&#8221; header_text_color=&#8221;#9fc651&#8243; header_font_size=&#8221;50px&#8221; custom_margin=&#8221;10vw||||false|false&#8221; custom_padding=&#8221;0vw||0vw|8vw|false|false&#8221; header_font_size_tablet=&#8221;45px&#8221; header_font_size_phone=&#8221;35px&#8221; header_font_size_last_edited=&#8221;on|desktop&#8221; header_line_height_tablet=&#8221;1.2em&#8221; header_line_height_phone=&#8221;1.2em&#8221; header_line_height_last_edited=&#8221;on|tablet&#8221; global_colors_info=&#8221;{}&#8221;]<\/p>\n<h1>Les jardins du CEP<\/h1>\n<p>[\/et_pb_text][et_pb_text _builder_version=&#8221;4.23.1&#8243; _module_preset=&#8221;default&#8221; text_font=&#8221;Nunito||||||||&#8221; text_text_color=&#8221;#FFFFFF&#8221; width=&#8221;80%&#8221; custom_margin=&#8221;5vw||5vw||true|false&#8221; custom_padding=&#8221;0vw|2vw||8vw|false|false&#8221; custom_padding_tablet=&#8221;0vw|2vw||8vw|false|false&#8221; custom_padding_phone=&#8221;0vw|8vw||8vw|false|false&#8221; custom_padding_last_edited=&#8221;on|phone&#8221; global_colors_info=&#8221;{}&#8221;]<\/p>\n<p><span>Bienvenue aux Jardins du CEP, un havre de verdure et d&#8217;abondance cultiv\u00e9 avec amour par Bernard et Syra Lorber depuis 2016. Notre coin de paradis se niche entre Lisieux et Orbec, \u00e0 La Chapelle-Yvon, au lieu-dit Les Vouacres.<\/span><\/p>\n<p>[\/et_pb_text][et_pb_button button_text=&#8221;D\u00e9couvrir&#8221; _builder_version=&#8221;4.23.1&#8243; _module_preset=&#8221;default&#8221; custom_button=&#8221;on&#8221; button_text_color=&#8221;#FFFFFF&#8221; button_bg_color=&#8221;#9fc651&#8243; button_border_width=&#8221;0px&#8221; button_border_radius=&#8221;0px&#8221; button_font=&#8221;Cardo||||||||&#8221; custom_margin=&#8221;||10vw|8vw|false|false&#8221; custom_margin_tablet=&#8221;||10vw|8vw|false|false&#8221; custom_margin_phone=&#8221;13vw||10vw|8vw|false|false&#8221; custom_margin_last_edited=&#8221;on|phone&#8221; custom_padding=&#8221;||||false|false&#8221; global_colors_info=&#8221;{}&#8221;][\/et_pb_button][\/et_pb_column][\/et_pb_row][\/et_pb_section][et_pb_section fb_built=&#8221;1&#8243; _builder_version=&#8221;4.23.1&#8243; _module_preset=&#8221;default&#8221; global_colors_info=&#8221;{}&#8221;][et_pb_row column_structure=&#8221;1_2,1_2&#8243; _builder_version=&#8221;4.23.1&#8243; _module_preset=&#8221;default&#8221; custom_margin=&#8221;5vw||||false|false&#8221; global_colors_info=&#8221;{}&#8221;][et_pb_column type=&#8221;1_2&#8243; _builder_version=&#8221;4.23.1&#8243; _module_preset=&#8221;default&#8221; global_colors_info=&#8221;{}&#8221;][et_pb_video src=&#8221;https:\/\/seve-du-jardin.fr\/wp-content\/uploads\/2023\/12\/Pistes-vertes_converted.mp4&#8243; _builder_version=&#8221;4.23.1&#8243; _module_preset=&#8221;default&#8221; border_radii=&#8221;on|10px|10px|10px|10px&#8221; global_colors_info=&#8221;{}&#8221;][\/et_pb_video][\/et_pb_column][et_pb_column type=&#8221;1_2&#8243; _builder_version=&#8221;4.23.1&#8243; _module_preset=&#8221;default&#8221; global_colors_info=&#8221;{}&#8221;][et_pb_text _builder_version=&#8221;4.23.1&#8243; _module_preset=&#8221;default&#8221; header_2_font=&#8221;Cardo|700|||||||&#8221; custom_margin_tablet=&#8221;||||false|false&#8221; custom_margin_phone=&#8221;0vw||||false|false&#8221; custom_margin_last_edited=&#8221;on|tablet&#8221; global_colors_info=&#8221;{}&#8221;]<\/p>\n<h2>La petite histoire des Jardins du CEP<\/h2>\n<p>[\/et_pb_text][et_pb_text _builder_version=&#8221;4.23.1&#8243; _module_preset=&#8221;default&#8221; text_font=&#8221;Nunito||||||||&#8221; text_text_color=&#8221;#000000&#8243; global_colors_info=&#8221;{}&#8221;]<\/p>\n<p><span>Chez nous, c&#8217;est la passion des l\u00e9gumes cultiv\u00e9s \u00e0 la mani\u00e8re de la nature, dans le respect des principes du mara\u00eechage sur sol vivant et de la permaculture. Ici, pas de pesticides ni d&#8217;intrants de synth\u00e8se. Nous pr\u00e9f\u00e9rons un usage r\u00e9fl\u00e9chi de couvertures du sol, compos\u00e9es de diff\u00e9rentes mati\u00e8res organiques, pour nourrir la terre et garantir une production de qualit\u00e9, tout en domptant l&#8217;herbe envahissante. Nos pr\u00e9cieux l\u00e9gumes, au nombre d&#8217;une quarantaine, dans une palette de 70 vari\u00e9t\u00e9s, se cultivent sur 3 hectares de plein champ et 3000 m2 sous serres.<\/span><\/p>\n<p>&nbsp;<\/p>\n<p>[\/et_pb_text][\/et_pb_column][\/et_pb_row][et_pb_row column_structure=&#8221;1_2,1_2&#8243; _builder_version=&#8221;4.23.1&#8243; _module_preset=&#8221;default&#8221; custom_margin=&#8221;5vw||||false|false&#8221; global_colors_info=&#8221;{}&#8221;][et_pb_column type=&#8221;1_2&#8243; _builder_version=&#8221;4.23.1&#8243; _module_preset=&#8221;default&#8221; global_colors_info=&#8221;{}&#8221;][et_pb_video src=&#8221;https:\/\/youtu.be\/xjPxc5A0XBw?si=Qu-TiyAgsGZXkZqd&#8221; src_tablet=&#8221;https:\/\/youtu.be\/xjPxc5A0XBw?si=Qu-TiyAgsGZXkZqd&#8221; src_phone=&#8221;https:\/\/youtu.be\/xjPxc5A0XBw?si=Qu-TiyAgsGZXkZqd&#8221; src_last_edited=&#8221;on|desktop&#8221; _builder_version=&#8221;4.23.1&#8243; _module_preset=&#8221;default&#8221; border_radii=&#8221;on|10px|10px|10px|10px&#8221; global_colors_info=&#8221;{}&#8221; src__hover_enabled=&#8221;on|desktop&#8221; src__hover=&#8221;https:\/\/youtu.be\/xjPxc5A0XBw?si=Qu-TiyAgsGZXkZqd&#8221;][\/et_pb_video][\/et_pb_column][et_pb_column type=&#8221;1_2&#8243; _builder_version=&#8221;4.23.1&#8243; _module_preset=&#8221;default&#8221; global_colors_info=&#8221;{}&#8221;][et_pb_text _builder_version=&#8221;4.23.1&#8243; _module_preset=&#8221;default&#8221; header_2_font=&#8221;Cardo|700|||||||&#8221; custom_margin_tablet=&#8221;||||false|false&#8221; custom_margin_phone=&#8221;0vw||||false|false&#8221; custom_margin_last_edited=&#8221;on|tablet&#8221; global_colors_info=&#8221;{}&#8221;]<\/p>\n<h2>Comment cultive-t-on nos l\u00e9gumes ?<\/h2>\n<p>[\/et_pb_text][et_pb_text _builder_version=&#8221;4.23.1&#8243; _module_preset=&#8221;default&#8221; text_font=&#8221;Nunito||||||||&#8221; text_text_color=&#8221;#000000&#8243; global_colors_info=&#8221;{}&#8221;]<\/p>\n<p><span>Le taux de mati\u00e8re vivante dans les sols fran\u00e7ais est tomb\u00e9 au plus bas, \u00e0 1,5% de mati\u00e8re organique. En-dessous de 1%, c&#8217;est le d\u00e9sert\u2026<\/span><\/p>\n<p>Comment redonner vie ? Comment entretenir la vie dans nos sols ? C&#8217;est la question fondamentale pour tout maraicher..<\/p>\n<p>Bernard r\u00e9sume ici en 10 minutes toute la strat\u00e9gie agronomique de Maraichage sur sol vivant.\u00a0<span><\/span><\/p>\n<p>&nbsp;<\/p>\n<p>[\/et_pb_text][\/et_pb_column][\/et_pb_row][et_pb_row column_structure=&#8221;1_2,1_2&#8243; module_class=&#8221;inverse&#8221; _builder_version=&#8221;4.23.1&#8243; _module_preset=&#8221;default&#8221; custom_margin=&#8221;5vw||||false|false&#8221; module_alignment_tablet=&#8221;&#8221; module_alignment_phone=&#8221;center&#8221; module_alignment_last_edited=&#8221;on|phone&#8221; global_colors_info=&#8221;{}&#8221;][et_pb_column type=&#8221;1_2&#8243; _builder_version=&#8221;4.23.1&#8243; _module_preset=&#8221;default&#8221; global_colors_info=&#8221;{}&#8221;][et_pb_text _builder_version=&#8221;4.23.1&#8243; _module_preset=&#8221;default&#8221; header_2_font=&#8221;Cardo|700|||||||&#8221; custom_margin_tablet=&#8221;-26vw||||false|false&#8221; custom_margin_phone=&#8221;-20vw||||false|false&#8221; custom_margin_last_edited=&#8221;on|desktop&#8221; global_colors_info=&#8221;{}&#8221;]<\/p>\n<h2>Et que fait-on avec des l\u00e9gumes issus de sols vivants ?<\/h2>\n<p>[\/et_pb_text][et_pb_text _builder_version=&#8221;4.23.1&#8243; _module_preset=&#8221;default&#8221; text_font=&#8221;Nunito||||||||&#8221; text_text_color=&#8221;#000000&#8243; global_colors_info=&#8221;{}&#8221;]<\/p>\n<p><span>L&#8217;\u00e9t\u00e9 2022 a marqu\u00e9 le d\u00e9but d&#8217;une aventure encore plus d\u00e9licieuse avec le lancement de notre dernier-n\u00e9, les jus de l\u00e9gumes frais. Non pasteuris\u00e9s, purs produits de l&#8217;agro-\u00e9cologie, ces jus sont des produits sant\u00e9 \u00e0 haute valeur nutritive.<\/span><\/p>\n<p><span> Chez Les Jardins du CEP, nous sommes les pionniers en France dans cette qu\u00eate de la fra\u00eecheur nutritive.<\/span><\/p>\n<p><span>La philosophie de notre ferme est orient\u00e9e vers le vivant:\u00a0<\/span><strong>la sant\u00e9 des Hommes par la sant\u00e9 des sols.<\/strong><span>\u00a0Nous nous effor\u00e7ons d\u2019\u00e9viter \/ de r\u00e9duire au minimum les pratiques destructrices de la vie que sont le travail du sol \u2013 pour le maraichage \u2013 et la pasteurisation\/st\u00e9rilisation dans la transformation de nos l\u00e9gumes.<\/span><\/p>\n<p>[\/et_pb_text][et_pb_button button_url=&#8221;https:\/\/seve-du-jardin.fr\/?page_id=43&#8243; button_text=&#8221;Voir la boutique \u00e0 St-Cloud&#8221; _builder_version=&#8221;4.23.1&#8243; _module_preset=&#8221;default&#8221; custom_button=&#8221;on&#8221; button_text_color=&#8221;#FFFFFF&#8221; button_bg_color=&#8221;#9fc651&#8243; button_border_width=&#8221;0px&#8221; button_border_radius=&#8221;0px&#8221; button_font=&#8221;Cardo||||||||&#8221; custom_margin=&#8221;3vw||||false|false&#8221; custom_margin_tablet=&#8221;3vw||||false|false&#8221; custom_margin_phone=&#8221;||||false|false&#8221; custom_margin_last_edited=&#8221;on|desktop&#8221; custom_padding=&#8221;||||false|false&#8221; global_colors_info=&#8221;{}&#8221;][\/et_pb_button][et_pb_button button_url=&#8221;https:\/\/seve-du-jardin.fr\/?page_id=43&#8243; button_text=&#8221;Les horaires d&#8217;ouverture du magasin \u00e0 la ferme&#8221; _builder_version=&#8221;4.23.1&#8243; _module_preset=&#8221;default&#8221; custom_button=&#8221;on&#8221; button_text_color=&#8221;#FFFFFF&#8221; button_bg_color=&#8221;#9fc651&#8243; button_border_width=&#8221;0px&#8221; button_border_radius=&#8221;0px&#8221; button_font=&#8221;Cardo||||||||&#8221; custom_margin=&#8221;3vw||||false|false&#8221; custom_margin_tablet=&#8221;3vw||||false|false&#8221; custom_margin_phone=&#8221;||||false|false&#8221; custom_margin_last_edited=&#8221;on|desktop&#8221; custom_padding=&#8221;||||false|false&#8221; global_colors_info=&#8221;{}&#8221;][\/et_pb_button][et_pb_text _builder_version=&#8221;4.23.1&#8243; _module_preset=&#8221;default&#8221; global_colors_info=&#8221;{}&#8221;]<\/p>\n<p><strong>Mercredi et vendredi : 16h &#8211; 19h<\/strong><\/p>\n<p>Le samedi matin, retrouvez-nous au march\u00e9 de Lisieux (Place de la R\u00e9publique)<\/p>\n<p>[\/et_pb_text][et_pb_code _builder_version=&#8221;4.23.1&#8243; _module_preset=&#8221;default&#8221; hover_enabled=&#8221;0&#8243; sticky_enabled=&#8221;0&#8243;]<iframe loading=\"lazy\" width=\"540\" height=\"305\" src=\"https:\/\/71daf4d6.sibforms.com\/serve\/MUIFAJP-GRaOVVThC-V6LN0rYhgrg_1GxnboNcHRS62A7D2gQOkNHBrd1BqWX5k1UTbXVfC6NvleqbKA9QDQUFeZV8c_RS8FL56EhFtFU4Anc8T3QeG3IVoc_b1C_w3lTCSLe_WAHyODCLiZv8IvTbnxg6Rtzp2by3cq7mYdMNr6DUnnH2rvHCHljBK_7BfeTV3NBKbH4XNW5n12\" frameborder=\"0\" scrolling=\"auto\" allowfullscreen style=\"display: block;margin-left: auto;margin-right: auto;max-width: 100%;\"><\/iframe>[\/et_pb_code][\/et_pb_column][et_pb_column type=&#8221;1_2&#8243; _builder_version=&#8221;4.23.1&#8243; _module_preset=&#8221;default&#8221; global_colors_info=&#8221;{}&#8221;][et_pb_image src=&#8221;https:\/\/seve-du-jardin.fr\/wp-content\/uploads\/2023\/11\/Rectangle-73.png&#8221; alt=&#8221;photo de l&#8217;ensemble de la ferme des jardins du CEP&#8221; title_text=&#8221;Rectangle 73&#8243; _builder_version=&#8221;4.23.1&#8243; _module_preset=&#8221;default&#8221; positioning=&#8221;relative&#8221; position_origin_a=&#8221;bottom_left&#8221; vertical_offset=&#8221;0px&#8221; horizontal_offset=&#8221;250px&#8221; horizontal_offset_tablet=&#8221;320px&#8221; horizontal_offset_phone=&#8221;-10px&#8221; horizontal_offset_last_edited=&#8221;on|phone&#8221; width=&#8221;60%&#8221; width_tablet=&#8221;45%&#8221; width_phone=&#8221;65%&#8221; width_last_edited=&#8221;on|phone&#8221; border_radii=&#8221;on|10px|10px|10px|10px&#8221; box_shadow_style=&#8221;preset1&#8243; global_colors_info=&#8221;{}&#8221;][\/et_pb_image][et_pb_image src=&#8221;https:\/\/seve-du-jardin.fr\/wp-content\/uploads\/2023\/11\/Rectangle-71.png&#8221; alt=&#8221;photo de l&#8217;ensemble de la ferme des jardins du CEP&#8221; title_text=&#8221;Rectangle 71&#8243; _builder_version=&#8221;4.23.1&#8243; _module_preset=&#8221;default&#8221; positioning=&#8221;relative&#8221; vertical_offset=&#8221;-250px&#8221; horizontal_offset=&#8221;100px&#8221; vertical_offset_tablet=&#8221;-250px&#8221; vertical_offset_phone=&#8221;-150px&#8221; vertical_offset_last_edited=&#8221;on|phone&#8221; horizontal_offset_tablet=&#8221;7px&#8221; horizontal_offset_phone=&#8221;129px&#8221; horizontal_offset_last_edited=&#8221;on|tablet&#8221; width=&#8221;60%&#8221; width_tablet=&#8221;45%&#8221; width_phone=&#8221;65%&#8221; width_last_edited=&#8221;on|phone&#8221; border_radii=&#8221;on|10px|10px|10px|10px&#8221; box_shadow_style=&#8221;preset1&#8243; global_colors_info=&#8221;{}&#8221; width__hover_enabled=&#8221;on|desktop&#8221; width__hover=&#8221;60%&#8221;][\/et_pb_image][\/et_pb_column][\/et_pb_row][\/et_pb_section][et_pb_section fb_built=&#8221;1&#8243; disabled_on=&#8221;on|on|on&#8221; _builder_version=&#8221;4.23.1&#8243; _module_preset=&#8221;default&#8221; custom_margin=&#8221;-20vw||||false|false&#8221; disabled=&#8221;on&#8221; global_colors_info=&#8221;{}&#8221;][et_pb_row _builder_version=&#8221;4.23.1&#8243; _module_preset=&#8221;default&#8221; global_colors_info=&#8221;{}&#8221;][et_pb_column type=&#8221;4_4&#8243; _builder_version=&#8221;4.23.1&#8243; _module_preset=&#8221;default&#8221; global_colors_info=&#8221;{}&#8221;][et_pb_text _builder_version=&#8221;4.23.1&#8243; _module_preset=&#8221;default&#8221; header_2_font=&#8221;Cardo|700|||||||&#8221; global_colors_info=&#8221;{}&#8221;]<\/p>\n<h2 style=\"text-align: center;\">Notre blog<\/h2>\n<p>[\/et_pb_text][et_pb_text _builder_version=&#8221;4.23.1&#8243; _module_preset=&#8221;default&#8221; global_colors_info=&#8221;{}&#8221;]<\/p>\n<p style=\"text-align: center;\">Your content goes here. Edit or remove this text inline or in the module Content settings. You can also style every aspect of this content in the module Design settings and even apply custom CSS to this text in the module Advanced settings.<\/p>\n<p>[\/et_pb_text][et_pb_blog fullwidth=&#8221;off&#8221; posts_number=&#8221;3&#8243; _builder_version=&#8221;4.23.1&#8243; _module_preset=&#8221;default&#8221; global_colors_info=&#8221;{}&#8221;][\/et_pb_blog][\/et_pb_column][\/et_pb_row][\/et_pb_section]<\/p>\n","protected":false},"excerpt":{"rendered":"<p>Les jardins du CEPBienvenue aux Jardins du CEP, un havre de verdure et d&#8217;abondance cultiv\u00e9 avec amour par Bernard et Syra Lorber depuis 2016. Notre coin de paradis se niche entre Lisieux et Orbec, \u00e0 La Chapelle-Yvon, au lieu-dit Les Vouacres.La petite histoire des Jardins du CEPChez nous, c&#8217;est la passion des l\u00e9gumes cultiv\u00e9s \u00e0 [&hellip;]<\/p>\n","protected":false},"author":1,"featured_media":0,"parent":0,"menu_order":0,"comment_status":"closed","ping_status":"closed","template":"","meta":{"_et_pb_use_builder":"on","_et_pb_old_content":"","_et_gb_content_width":"","footnotes":""},"_links":{"self":[{"href":"https:\/\/seve-du-jardin.fr\/index.php?rest_route=\/wp\/v2\/pages\/72"}],"collection":[{"href":"https:\/\/seve-du-jardin.fr\/index.php?rest_route=\/wp\/v2\/pages"}],"about":[{"href":"https:\/\/seve-du-jardin.fr\/index.php?rest_route=\/wp\/v2\/types\/page"}],"author":[{"embeddable":true,"href":"https:\/\/seve-du-jardin.fr\/index.php?rest_route=\/wp\/v2\/users\/1"}],"replies":[{"embeddable":true,"href":"https:\/\/seve-du-jardin.fr\/index.php?rest_route=%2Fwp%2Fv2%2Fcomments&post=72"}],"version-history":[{"count":20,"href":"https:\/\/seve-du-jardin.fr\/index.php?rest_route=\/wp\/v2\/pages\/72\/revisions"}],"predecessor-version":[{"id":482,"href":"https:\/\/seve-du-jardin.fr\/index.php?rest_route=\/wp\/v2\/pages\/72\/revisions\/482"}],"wp:attachment":[{"href":"https:\/\/seve-du-jardin.fr\/index.php?rest_route=%2Fwp%2Fv2%2Fmedia&parent=72"}],"curies":[{"name":"wp","href":"https:\/\/api.w.org\/{rel}","templated":true}]}}